{"id":453,"date":"2026-02-15T10:13:38","date_gmt":"2026-02-15T10:13:38","guid":{"rendered":"https:\/\/domingocaceres.es\/alumno07\/?page_id=453"},"modified":"2026-02-15T10:18:29","modified_gmt":"2026-02-15T10:18:29","slug":"politica-de-cookies-espana","status":"publish","type":"page","link":"https:\/\/domingocaceres.es\/alumno07\/politica-de-cookies-espana\/","title":{"rendered":"Pol\u00edtica de cookies &#8211; Espa\u00f1a"},"content":{"rendered":"\n<p>CARCAMOVIL, S.L., (en adelante,\u00a0\u201cCASENOVA\u201d) informa, a trav\u00e9s de la presente Pol\u00edtica de Cookies, acerca de la utilizaci\u00f3n de dispositivos de almacenamiento y recuperaci\u00f3n de datos en equipos terminales de los Usuarios.<\/p>\n\n\n\n<h2 class=\"wp-block-heading\">\u00bfQu\u00e9 son las cookies?<\/h2>\n\n\n\n<p>Este Sitio Web utiliza cookies y\/o tecnolog\u00edas similares que almacenan y recuperan informaci\u00f3n cuando navegas. En general, estas tecnolog\u00edas pueden servir para finalidades muy diversas, como, por ejemplo, reconocerte como usuario, obtener informaci\u00f3n sobre tus h\u00e1bitos de navegaci\u00f3n, o personalizar la forma en que se muestra el contenido. Los usos concretos que hacemos de estas tecnolog\u00edas se describen en el apartado \u201c\u00bfPara qu\u00e9 utiliza CASENOVA las cookies?\u201d<\/p>\n\n\n\n<p>La informaci\u00f3n recogida por las cookies es an\u00f3nima y no contiene ninguna informaci\u00f3n sensible, ya que no recogen datos que puedan identificar personalmente al Usuario. En cualquier caso, el Usuario podr\u00e1 acceder a la configuraci\u00f3n de su navegador para modificar y\/o bloquear la instalaci\u00f3n de las Cookies enviadas desde el Sitio Web, sin que ello impida al acceso a los contenidos tal y como se describe en los apartados \u201c\u00bfC\u00f3mo deshabilitar las cookies?\u201d y \u201cCookies en los dispositivos m\u00f3viles\u201d de la presente Pol\u00edtica de Cookies.<\/p>\n\n\n\n<h2 class=\"wp-block-heading\">\u00bfPara qu\u00e9 utiliza CASENOVA las cookies?<\/h2>\n\n\n\n<p>De conformidad con el art\u00edculo 22 de la Ley de Servicios de la Sociedad de la Informaci\u00f3n y Comercio Electr\u00f3nico, as\u00ed como en el Considerando (30) del Reglamento General de Protecci\u00f3n de Datos (en adelante,&nbsp;\u201cRGPD\u201d), el presente Sitio Web utiliza cookies u otros dispositivos de almacenamiento y recuperaci\u00f3n de informaci\u00f3n para realizar un seguimiento de las interacciones de los Usuarios con los servicios ofrecidos en el Sitio Web.<\/p>\n\n\n\n<p>Las cookies permiten reconocer el navegador de un Usuario, as\u00ed como el tipo de dispositivo desde el que se accede a el Sitio Web, y se utilizan para facilitar la pr\u00f3xima visita del Usuario y hacer que el Sitio Web resulte m\u00e1s \u00fatil.<\/p>\n\n\n\n<h3 class=\"wp-block-heading\">CASENOVA utiliza las cookies para:<\/h3>\n\n\n\n<p>(i) Optimizar la navegaci\u00f3n del Usuario mediante el seguimiento de la sesi\u00f3n.<\/p>\n\n\n\n<p>(ii) Recopilar informaci\u00f3n para optimizar la navegaci\u00f3n y mejorar el Sitio Web.<\/p>\n\n\n\n<p>El Sitio Web utiliza los siguientes tipos de cookies [CM1]:<\/p>\n\n\n\n<p><strong>Obligatorias o t\u00e9cnicas:<\/strong>&nbsp;Son aquellas estrictamente necesarias para prestar un servicio o contenido solicitado por el usuario. \u00c9stas se encargan de aspectos t\u00e9cnicos como identificar registros y gestionar preferencias de herramientas en el uso, interacci\u00f3n y localizaci\u00f3n del acceso a los contenidos.<\/p>\n\n\n\n<p>A continuaci\u00f3n, se detallan las cookies obligatorias que se utilizan en el Sitio Web:<\/p>\n\n\n\n<figure class=\"wp-block-table\"><table class=\"has-fixed-layout\"><thead><tr><th>Nombre de la cookie<\/th><th>Proveedor<\/th><th>Objetivo<\/th><th>Expiraci\u00f3n<\/th><\/tr><\/thead><tbody><tr><td>cjConsent<\/td><td>casenova<\/td><td>Almacena el estado de consentimiento de cookies del usuario para el dominio actual<\/td><td>13 meses<\/td><\/tr><tr><td>CookieConsent<\/td><td>casenova<\/td><td>Almacena el estado de consentimiento de cookies del usuario para el dominio actual.<\/td><td>1 a\u00f1o<\/td><\/tr><tr><td>cookiesplus<\/td><td>casenova.es<\/td><td>Almacena las preferencias sobre cookies.<\/td><td>Persistente<\/td><\/tr><tr><td>deferred_loading_once<\/td><td>casenova.es<\/td><td>Se utiliza para reducir los tiempos de carga de la p\u00e1gina web<\/td><td>7 d\u00edas<\/td><\/tr><tr><td>df-random-userid<\/td><td>Doofinder<\/td><td>Cookie necesaria para que funcione el buscador de Doofinder en la web<\/td><td>Persistente<\/td><\/tr><tr><td>df-session<\/td><td>Doofinder<\/td><td>Cookie necesaria para que funcione el buscador de Doofinder en la web<\/td><td>Persistente<\/td><\/tr><tr><td>oct8ne-active-tab-id<\/td><td><a href=\"https:\/\/oct8ne.com\/es\" target=\"_blank\" rel=\"noreferrer noopener\">oct8ne<\/a><\/td><td>Cookie necesaria para que el chat online funcione<\/td><td>1 a\u00f1o<\/td><\/tr><tr><td>oct8ne-allowed-departments<\/td><td>oct8ne<\/td><td>Necesario para el funcionamiento del chat online del sitio web.<\/td><td>Sesi\u00f3n<\/td><\/tr><tr><td>oct8ne-connection<\/td><td>oct8ne<\/td><td>Necesario para el funcionamiento del chat online del sitio web.<\/td><td>Sesi\u00f3n<\/td><\/tr><tr><td>oct8ne-coviewer<\/td><td>oct8ne<\/td><td>Necesario para el funcionamiento del chat online del sitio web.<\/td><td>Sesi\u00f3n<\/td><\/tr><tr><td>oct8ne-first-enter<\/td><td><a href=\"https:\/\/oct8ne.com\/es\" target=\"_blank\" rel=\"noreferrer noopener\">oct8ne<\/a><\/td><td>Determina el idioma preferido del visitante y lo aplica en visitas posteriores.<\/td><td>Sesi\u00f3n<\/td><\/tr><tr><td>oct8ne-pv-\/\/casenova.es\/<\/td><td>oct8ne<\/td><td>Cookie necesaria para que el chat online funcione<\/td><td>Persistente<\/td><\/tr><tr><td>oct8ne-room<\/td><td>oct8ne<\/td><td>Permite que el sitio web reconozca al visitante para optimizar la funcionalidad del chat.<\/td><td>Sesi\u00f3n<\/td><\/tr><tr><td>oct8ne-session-without-agent<\/td><td>oct8ne<\/td><td>Cookie que guarda la sesi\u00f3n de chat<\/td><td>Sesi\u00f3n<\/td><\/tr><tr><td>oct8ne-status<\/td><td>oct8ne<\/td><td>Necesario para el funcionamiento de la funci\u00f3n de chat del sitio web.<\/td><td>Sesi\u00f3n<\/td><\/tr><tr><td>PHPSESSID<\/td><td>casenova<\/td><td>Cookie de sesi\u00f3n PHP asociada con contenido incrustado de este dominio.<\/td><td>365 d\u00edas<\/td><\/tr><tr><td>PrestaShop2-#<\/td><td>casenova.es<\/td><td>Permite conservar abiertas las sesiones y guardar m\u00faltiples datos relacionados con la cuenta del cliente.<\/td><td>480 horas<\/td><\/tr><tr><td>td<\/td><td>Google Tag Manager<\/td><td>Registra datos estad\u00edsticos sobre el comportamiento de los usuarios en el sitio web para an\u00e1lisis internos.<\/td><td>Sesi\u00f3n<\/td><\/tr><tr><td>_ga_#<\/td><td>Google Analytics<\/td><td>Google Analytics utiliza esta cookie para conservar el estado de la sesi\u00f3n.<\/td><td>2 a\u00f1os<\/td><\/tr><\/tbody><\/table><\/figure>\n\n\n\n<p><strong>De preferencias o personalizaci\u00f3n:<\/strong>&nbsp;Son aquellas que permiten recordar informaci\u00f3n para que el usuario acceda al servicio con determinadas caracter\u00edsticas que pueden diferenciar su experiencia de la de otro usuario como, por ejemplo, el idioma o la configuraci\u00f3n de la p\u00e1gina en funci\u00f3n del navegador utilizado.<\/p>\n\n\n\n<p>A continuaci\u00f3n, se detallan las cookies anal\u00edticas que se utilizan en el Sitio Web:<\/p>\n\n\n\n<figure class=\"wp-block-table\"><table class=\"has-fixed-layout\"><thead><tr><th>Nombre de la cookie<\/th><th>Proveedor<\/th><th>Objetivo<\/th><th>Expiraci\u00f3n<\/th><\/tr><\/thead><tbody><tr><td>oct8ne-session-summary<\/td><td>oct8ne<\/td><td>ID \u00fanico que identifica la sesi\u00f3n del usuario.<\/td><td>Sesi\u00f3n<\/td><\/tr><tr><td>oct8ne-url-\/\/#<\/td><td>oct8ne<\/td><td>Elemento de almacenamiento local utilizado por la aplicaci\u00f3n de chat oct8ne. Este elemento almacena las URL visitadas del visitante del sitio web.<\/td><td>Persistente<\/td><\/tr><\/tbody><\/table><\/figure>\n\n\n\n<p><strong>Estad\u00edsticas\/anal\u00edticas:<\/strong>&nbsp;Son aquellas que, tratadas por nosotros o por terceros, nos permiten cuantificar el n\u00famero de usuarios y as\u00ed realizar la medici\u00f3n an\u00e1lisis estad\u00edstico de la utilizaci\u00f3n que hacen los usuarios del servicio ofertado. Para ello se analiza su navegaci\u00f3n en nuestro Sitio Web con el fin de mejorar la oferta de productos o servicios que ofrecemos.<\/p>\n\n\n\n<p>A continuaci\u00f3n, se detallan las cookies anal\u00edticas que se utilizan en el Sitio Web:<\/p>\n\n\n\n<figure class=\"wp-block-table\"><table class=\"has-fixed-layout\"><thead><tr><th>Nombre de la cookie<\/th><th>Proveedor<\/th><th>Objetivo<\/th><th>Expiraci\u00f3n<\/th><\/tr><\/thead><tbody><tr><td>AMP_#<\/td><td><a href=\"https:\/\/doofinder.com\/\" target=\"_blank\" rel=\"noreferrer noopener\">Doofinder<\/a><\/td><td>Registra datos estad\u00edsticos sobre el comportamiento de los usuarios en el sitio web. Utilizado para an\u00e1lisis internos por parte del operador del sitio web.<\/td><td>365 d\u00edas<\/td><\/tr><tr><td>AMP_MKTG_#<\/td><td>Doofinder<\/td><td>Registra datos estad\u00edsticos sobre el comportamiento de los usuarios en el sitio web. Utilizado para an\u00e1lisis internos por parte del operador del sitio web.<\/td><td>365 d\u00edas<\/td><\/tr><tr><td>c.gif<\/td><td>Clarity<\/td><td>Recoge datos sobre la navegaci\u00f3n y comportamiento del usuario en el sitio web. Esto se utiliza para compilar informes estad\u00edsticos y mapas de calor para el propietario del sitio web.<\/td><td>Sesi\u00f3n<\/td><\/tr><tr><td>CLID<\/td><td>Clarity<\/td><td>Cookie instalada por Microsoft Clarity para almacenar informaci\u00f3n sobre c\u00f3mo los visitantes utilizan el sitio web.<\/td><td>1 a\u00f1o<\/td><\/tr><tr><td>cn_tracker<\/td><td>Connectif<\/td><td>Contiene datos sobre los \u00faltimos productos vistos por el visitante. Utilizado para estad\u00edsticas internas por parte del operador del sitio web.<\/td><td>Persistente<\/td><\/tr><tr><td>collect<\/td><td><a href=\"https:\/\/policies.google.com\/privacy\" target=\"_blank\" rel=\"noreferrer noopener\">Google<\/a><\/td><td>Se utiliza para enviar datos a Google Analytics sobre el dispositivo del visitante y su comportamiento. Rastrea al visitante a trav\u00e9s de dispositivos y canales de marketing.<\/td><td>Sesi\u00f3n<\/td><\/tr><tr><td>fb_pixel_#<\/td><td>Facebook<\/td><td>Facebook lo utiliza para mostrar la duraci\u00f3n de los eventos.<\/td><td>1 d\u00eda<\/td><\/tr><tr><td>oct8neApi-#<\/td><td>oct8ne<\/td><td>Almacena datos sobre el tiempo de permanencia en el sitio web y sus subp\u00e1ginas, durante la sesi\u00f3n actual.<\/td><td>Persistente<\/td><\/tr><tr><td>pageview_event_id<\/td><td>\u2014<\/td><td>Administra eventos para definir las acciones de los visitantes de las que se debe hacer un seguimiento.<\/td><td>1 d\u00eda<\/td><\/tr><tr><td>r\/collect<\/td><td><a href=\"https:\/\/policies.google.com\/privacy\" target=\"_blank\" rel=\"noreferrer noopener\">Google<\/a><\/td><td>Se utiliza para enviar datos a Google Analytics sobre el dispositivo del visitante y su comportamiento. Rastrea al visitante a trav\u00e9s de dispositivos y canales de marketing.<\/td><td>Sesi\u00f3n<\/td><\/tr><tr><td>undefined<\/td><td>Google Analytics<\/td><td>Cookie configurada por una extensi\u00f3n de JavaScript que ayuda a enviar datos a Google Analytics.<\/td><td>Sesi\u00f3n<\/td><\/tr><tr><td>_cf_bm<\/td><td><a href=\"https:\/\/brevo.com\/\" target=\"_blank\" rel=\"noreferrer noopener\">Brevo<\/a><\/td><td>Se utiliza para distinguir entre humanos y bots. Esto es beneficioso para el sitio web con el fin de realizar informes v\u00e1lidos sobre su uso.<\/td><td>1 d\u00eda<\/td><\/tr><tr><td>_clck<\/td><td>Clarity<\/td><td>Recoge datos sobre la navegaci\u00f3n y comportamiento del usuario en el sitio web. Esto se utiliza para compilar informes estad\u00edsticos y mapas de calor para el propietario del sitio web.<\/td><td>1 a\u00f1o<\/td><\/tr><tr><td>_clsk<\/td><td>Clarity<\/td><td>Registra datos estad\u00edsticos sobre el comportamiento de los usuarios en el sitio web. Utilizado para an\u00e1lisis internos por parte del operador del sitio web.<\/td><td>1 d\u00eda<\/td><\/tr><tr><td>_cltk<\/td><td>Clarity<\/td><td>Almacena una interacci\u00f3n \u00fanica.<\/td><td>Sesi\u00f3n<\/td><\/tr><tr><td>_ga<\/td><td><a href=\"https:\/\/policies.google.com\/privacy\" target=\"_blank\" rel=\"noreferrer noopener\">Google Analytics<\/a><\/td><td>Registra una identificaci\u00f3n \u00fanica que se utiliza para generar datos estad\u00edsticos acerca de c\u00f3mo utiliza el visitante el sitio web.<\/td><td>2 a\u00f1os<\/td><\/tr><tr><td>_pk_id.#<\/td><td>Matomo<\/td><td>Almacena una identificaci\u00f3n de usuario \u00fanica.<\/td><td>1 a\u00f1o<\/td><\/tr><tr><td>_pk_ses#<\/td><td>Matomo<\/td><td>Cookies de corta duraci\u00f3n, utilizadas para almacenar temporalmente los datos de la vista del usuario.<\/td><td>Sesi\u00f3n<\/td><\/tr><\/tbody><\/table><\/figure>\n\n\n\n<p><strong>Publicitarias:<\/strong>&nbsp;Son aquellas que, tratadas por nosotros o por terceros, nos permiten analizar sus h\u00e1bitos de navegaci\u00f3n en Internet para que podamos mostrarle publicidad relacionada con su perfil de navegaci\u00f3n. A continuaci\u00f3n, se detallan las cookies publicitarias que se utilizan en el Sitio Web:<\/p>\n\n\n\n<figure class=\"wp-block-table\"><table class=\"has-fixed-layout\"><thead><tr><th>Nombre de la cookie<\/th><th>Proveedor<\/th><th>Objetivo<\/th><th>Expiraci\u00f3n<\/th><\/tr><\/thead><tbody><tr><td>ads\/ga-audiences<\/td><td><a href=\"https:\/\/policies.google.com\/privacy\" target=\"_blank\" rel=\"noreferrer noopener\">Google<\/a><\/td><td>Google AdWords utiliza estas cookies para volver a atraer a los visitantes que probablemente se conviertan en clientes en funci\u00f3n del comportamiento en l\u00ednea del visitante en los sitios web.<\/td><td>Sesi\u00f3n<\/td><\/tr><tr><td>ANONCHK<\/td><td><a href=\"https:\/\/c.clarity.ms\/\" target=\"_blank\" rel=\"noreferrer noopener\">Clarity<\/a><\/td><td>Indica si MUID se transfiere a ANID, una cookie utilizada con fines publicitarios. Clarity no usa ANID, por lo que siempre se establece en 0.<\/td><td>1 d\u00eda<\/td><\/tr><tr><td>cn_previous_entity_info<\/td><td>Connectif<\/td><td>Determina qu\u00e9 productos ha visto el usuario, lo que permite que el sitio web promocione productos relacionados.<\/td><td>Persistente<\/td><\/tr><tr><td>fbp<\/td><td>Facebook<\/td><td>Para almacenar y realizar un seguimiento de las visitas a trav\u00e9s de sitios web.<\/td><td>Sesi\u00f3n<\/td><\/tr><tr><td>lastExternalReferrer<\/td><td>Facebook<\/td><td>Se utiliza con fines de atribuci\u00f3n para ver qu\u00e9 enlace o p\u00e1gina llev\u00f3 a un usuario a la p\u00e1gina actual.<\/td><td>Persistente<\/td><\/tr><tr><td>lastExternalReferrerTime<\/td><td>Facebook<\/td><td>Detecta c\u00f3mo el usuario encontr\u00f3 la p\u00e1gina web registrando su \u00faltima direcci\u00f3n URL.<\/td><td>Persistente<\/td><\/tr><tr><td>MR<\/td><td><a href=\"https:\/\/c.clarity.ms\/\" target=\"_blank\" rel=\"noreferrer noopener\">Clarity<\/a><\/td><td>Indica si se debe actualizar MUID.<\/td><td>12 d\u00edas<\/td><\/tr><tr><td>MUID<\/td><td>Clarity<\/td><td>Para almacenar y realizar un seguimiento de las visitas a trav\u00e9s de sitios web.<\/td><td>1 a\u00f1o y 1 mes<\/td><\/tr><tr><td>NID<\/td><td><a href=\"https:\/\/policies.google.com\/privacy\" target=\"_blank\" rel=\"noreferrer noopener\">Google<\/a><\/td><td>Registra una identificaci\u00f3n \u00fanica que identifica el dispositivo de un usuario que vuelve. La identificaci\u00f3n se utiliza para los anuncios espec\u00edficos.<\/td><td>6 meses<\/td><\/tr><tr><td>pagead\/1p-conversion\/#\/<\/td><td>Google<\/td><td>Recopila datos sobre el comportamiento de los visitantes de m\u00faltiples sitios web para mostrar anuncios m\u00e1s relevantes.<\/td><td>Sesi\u00f3n<\/td><\/tr><tr><td>sib_cuid<\/td><td>Brevo<\/td><td>Para almacenar visitas \u00fanicas.<\/td><td>6 meses<\/td><\/tr><tr><td>SM<\/td><td>Clarity<\/td><td>Se utiliza para sincronizar el MUID entre dominios de Microsoft.<\/td><td>Sesi\u00f3n<\/td><\/tr><tr><td>SRM_B<\/td><td>Microsoft<\/td><td>Identifica navegadores web \u00fanicos que visitan sitios de Microsoft. Se utiliza con fines publicitarios, an\u00e1lisis del sitio y otros fines operativos.<\/td><td>1 a\u00f1o<\/td><\/tr><tr><td>test_cookie<\/td><td><a href=\"https:\/\/doubleclick.net\/\" target=\"_blank\" rel=\"noreferrer noopener\">Google<\/a><\/td><td>Cookie de prueba utilizada por Google DoubleClick para comprobar que se pueden configurar cookies.<\/td><td>1 d\u00eda<\/td><\/tr><tr><td>uuid<\/td><td>Brevo<\/td><td>Optimiza la relevancia de los anuncios mediante la recopilaci\u00f3n de datos sobre los visitantes de varios sitios web, como las cargas de p\u00e1ginas.<\/td><td>6 meses<\/td><\/tr><tr><td>_fbp<\/td><td><a href=\"https:\/\/www.facebook.com\/policies\/cookies\/\" target=\"_blank\" rel=\"noreferrer noopener\">Facebook<\/a><\/td><td>Utilizada por Facebook para proporcionar una serie de productos publicitarios como pujas en tiempo real de terceros anunciantes.<\/td><td>3 meses<\/td><\/tr><tr><td>_gcl_au<\/td><td><a href=\"https:\/\/policies.google.com\/privacy\" target=\"_blank\" rel=\"noreferrer noopener\">Google<\/a><\/td><td>Utilizada por Google AdSense para experimentar con la eficiencia de la publicidad en los sitios web que utilizan sus servicios.<\/td><td>3 meses<\/td><\/tr><\/tbody><\/table><\/figure>\n\n\n\n<h2 class=\"wp-block-heading\">\u00bfC\u00f3mo deshabilitar las cookies?<\/h2>\n\n\n\n<p>Aquellas cookies que no sean obligatorias para la navegaci\u00f3n del Sitio Web podr\u00e1n deshabilitarse en el apartado \u201cConfigura las Cookies [CM2]\u201d.<\/p>\n\n\n\n<p>Estos ajustes se encuentran en el pie de p\u00e1gina del Sitio Web. Adem\u00e1s, todos los navegadores permiten hacer cambios para desactivar la configuraci\u00f3n de las cookies.<\/p>\n\n\n\n<p>Este es el motivo por el que la mayor\u00eda de los navegadores ofrecen la posibilidad de administrar las cookies, para obtener un control m\u00e1s preciso sobre la privacidad.<\/p>\n\n\n\n<p>Estos ajustes se encuentran ubicados en las \u201copciones\u201d o \u201cpreferencias\u201d del men\u00fa de su navegador.<\/p>\n\n\n\n<p>A continuaci\u00f3n, podr\u00e1 encontrar los links de cada navegador para deshabilitar las cookies siguiendo las instrucciones:<\/p>\n\n\n\n<ul class=\"wp-block-list\">\n<li><strong>Internet Explorer<\/strong><a href=\"https:\/\/goo.gl\/iU2wh2\" target=\"_blank\" rel=\"noreferrer noopener\">link<\/a>\n<ul class=\"wp-block-list\">\n<li>En el men\u00fa de herramientas, seleccione \u201cOpciones de Internet\u201d.<\/li>\n\n\n\n<li>Haga clic en la pesta\u00f1a de privacidad.<\/li>\n\n\n\n<li>Podr\u00e1 eliminar las cookies si selecciona la opci\u00f3n \u201cEliminar el historial de exploraci\u00f3n\u201d y, posteriormente, en el apartado \u201cCookies y permisos del sitio\u201d accede al subapartado \u201cVer cookies y datos del sitio\u201d y selecciona la opci\u00f3n \u201cEliminar todo\u201d.<\/li>\n\n\n\n<li>Asimismo, la pesta\u00f1a \u201cCookies y permisos del sitio\u201d permite configurar las opciones de privacidad preferidas por el usuario.<\/li>\n<\/ul>\n<\/li>\n\n\n\n<li><strong>Mozilla Firefox<\/strong><a href=\"http:\/\/goo.gl\/QXWYmv\" target=\"_blank\" rel=\"noreferrer noopener\">link<\/a>\n<ul class=\"wp-block-list\">\n<li>En la parte superior de la ventana de Firefox hacer clic en el men\u00fa Ajustes.<\/li>\n\n\n\n<li>Seleccionar Privacidad &amp; Seguridad.<\/li>\n\n\n\n<li>Seleccionando la opci\u00f3n \u201cPersonalizado\u201d podr\u00e1 elegir las cookies que desea bloquear junto con otras cuestiones relacionadas con su privacidad.<\/li>\n<\/ul>\n<\/li>\n\n\n\n<li><strong>Google Chrome<\/strong><a href=\"http:\/\/goo.gl\/fQnkSB\" target=\"_blank\" rel=\"noreferrer noopener\">link<\/a>\n<ul class=\"wp-block-list\">\n<li>Hacer clic en el men\u00fa situado en la barra de herramientas.<\/li>\n\n\n\n<li>Seleccionar Configuraci\u00f3n.<\/li>\n\n\n\n<li>En la secci\u00f3n \u201cPrivacidad y Seguridad\u201d, hacer clic en el bot\u00f3n \u201cCookies y datos de otros sitios\u201d.<\/li>\n\n\n\n<li>Podr\u00e1 seleccionar la configuraci\u00f3n general de las cookies, as\u00ed como otros aspectos de privacidad.<\/li>\n<\/ul>\n<\/li>\n\n\n\n<li><strong>Safari<\/strong><a href=\"https:\/\/goo.gl\/dQywEo\" target=\"_blank\" rel=\"noreferrer noopener\">link<\/a>\n<ul class=\"wp-block-list\">\n<li>En la app Safari del Mac, seleccione la opci\u00f3n de \u201cPreferencias\u201d.<\/li>\n\n\n\n<li>Abra la pesta\u00f1a de privacidad.<\/li>\n\n\n\n<li>Seleccione la opci\u00f3n que quiera de la secci\u00f3n de \u201cBloquear cookies\u201d.<\/li>\n\n\n\n<li>Recuerde que ciertas funciones y la plena funcionalidad del sitio web pueden no estar disponibles despu\u00e9s de deshabilitar las cookies.<\/li>\n<\/ul>\n<\/li>\n<\/ul>\n\n\n\n<p>Si no desea ser rastreado por las cookies, Google ha desarrollado un complemento para instalar en su navegador al que puede acceder en el siguiente enlace:&nbsp;<a href=\"http:\/\/goo.gl\/up4ND\">http:\/\/goo.gl\/up4ND<\/a>.<\/p>\n\n\n\n<h2 class=\"wp-block-heading\">Cookies en los dispositivos m\u00f3viles<\/h2>\n\n\n\n<p>El Sitio Web deCASENOVA tambi\u00e9n usa cookies u otros dispositivos de almacenamiento en dispositivos m\u00f3viles.<\/p>\n\n\n\n<p>Aquellas cookies que no sean obligatorias para la navegaci\u00f3n del Sitio Web podr\u00e1n deshabilitarse en el apartado \u201cConfigura las Cookies [CM3]\u201d.<\/p>\n\n\n\n<p>Estos ajustes se encuentran en el pie de p\u00e1gina del Sitio Web. Adem\u00e1s, al igual que sucede en los navegadores de ordenadores, lo navegadores de los dispositivos m\u00f3viles permiten realizar cambios en las opciones o ajustes de privacidad para desactivar o eliminar las cookies.<\/p>\n\n\n\n<p>Si desea modificar las opciones de privacidad siga las instrucciones especificadas por el desarrollador de su navegador para dispositivo m\u00f3vil.<\/p>\n\n\n\n<p>A continuaci\u00f3n, podr\u00e1 encontrar algunos ejemplos de los links que le guiar\u00e1n para modificar las opciones de privacidad en su dispositivo m\u00f3vil:<\/p>\n\n\n\n<ul class=\"wp-block-list\">\n<li>IOS:&nbsp;<a href=\"http:\/\/goo.gl\/61xevS\" target=\"_blank\" rel=\"noreferrer noopener\">link<\/a><\/li>\n\n\n\n<li>Windows Phone:&nbsp;<a href=\"https:\/\/goo.gl\/tKyb0y\" target=\"_blank\" rel=\"noreferrer noopener\">link<\/a><\/li>\n\n\n\n<li>Chrome Mobile:&nbsp;<a href=\"http:\/\/goo.gl\/XJp7N\" target=\"_blank\" rel=\"noreferrer noopener\">link<\/a><\/li>\n\n\n\n<li>Opera Mobile:&nbsp;<a href=\"http:\/\/goo.gl\/Nzr8s7\" target=\"_blank\" rel=\"noreferrer noopener\">link<\/a><\/li>\n<\/ul>\n\n\n\n<h2 class=\"wp-block-heading\">Aceptaci\u00f3n de cookies<\/h2>\n\n\n\n<p>El Sitio Web no instala nuestras cookies en los dispositivos de los usuarios hasta que estos hayan aceptado la instalaci\u00f3n de \u00e9stas.<\/p>\n\n\n\n<p>Le informamos que en el caso de no aceptar la instalaci\u00f3n de cookies o de deshabilitar alguna de estas en la configuraci\u00f3n, es posible que ciertos servicios no est\u00e9n disponibles sin la utilizaci\u00f3n de estas o que no pueda acceder a determinados servicios ni tampoco aprovechar por completo todo lo que este Sitio Web le ofrece.<\/p>\n","protected":false},"excerpt":{"rendered":"<p>CARCAMOVIL, S.L., (en adelante,\u00a0\u201cCASENOVA\u201d) informa, a trav\u00e9s de la presente Pol\u00edtica de Cookies, acerca de la utilizaci\u00f3n de dispositivos de almacenamiento y recuperaci\u00f3n de datos en equipos terminales de los Usuarios. \u00bfQu\u00e9 son las cookies? Este Sitio Web utiliza cookies y\/o tecnolog\u00edas similares que almacenan y recuperan informaci\u00f3n cuando navegas. En general, estas tecnolog\u00edas pueden<\/p>\n<div class=\"more-link\">\n             <a href=\"https:\/\/domingocaceres.es\/alumno07\/politica-de-cookies-espana\/\" class=\"link-btn\"><span>Seguir leyendo <\/span><i class=\"icofont-thin-double-right\"><\/i><\/a>\n        <\/div>\n","protected":false},"author":1,"featured_media":0,"parent":0,"menu_order":0,"comment_status":"closed","ping_status":"closed","template":"","meta":{"footnotes":""},"class_list":["post-453","page","type-page","status-publish","hentry"],"_hostinger_reach_plugin_has_subscription_block":false,"_hostinger_reach_plugin_is_elementor":false,"_links":{"self":[{"href":"https:\/\/domingocaceres.es\/alumno07\/wp-json\/wp\/v2\/pages\/453","targetHints":{"allow":["GET"]}}],"collection":[{"href":"https:\/\/domingocaceres.es\/alumno07\/wp-json\/wp\/v2\/pages"}],"about":[{"href":"https:\/\/domingocaceres.es\/alumno07\/wp-json\/wp\/v2\/types\/page"}],"author":[{"embeddable":true,"href":"https:\/\/domingocaceres.es\/alumno07\/wp-json\/wp\/v2\/users\/1"}],"replies":[{"embeddable":true,"href":"https:\/\/domingocaceres.es\/alumno07\/wp-json\/wp\/v2\/comments?post=453"}],"version-history":[{"count":2,"href":"https:\/\/domingocaceres.es\/alumno07\/wp-json\/wp\/v2\/pages\/453\/revisions"}],"predecessor-version":[{"id":458,"href":"https:\/\/domingocaceres.es\/alumno07\/wp-json\/wp\/v2\/pages\/453\/revisions\/458"}],"wp:attachment":[{"href":"https:\/\/domingocaceres.es\/alumno07\/wp-json\/wp\/v2\/media?parent=453"}],"curies":[{"name":"wp","href":"https:\/\/api.w.org\/{rel}","templated":true}]}}